{"id":5301,"date":"2025-05-22T07:58:26","date_gmt":"2025-05-22T11:58:26","guid":{"rendered":"https:\/\/burntucker.com\/?page_id=5301"},"modified":"2025-07-30T07:37:46","modified_gmt":"2025-07-30T11:37:46","slug":"responsabilite-bars-restaurants","status":"publish","type":"page","link":"https:\/\/burntucker.com\/fr\/responsabilite-bars-restaurants\/","title":{"rendered":"Avocat en Responsabilit\u00e9 des Bars et Restaurants \u00e0 Ottawa NEW"},"content":{"rendered":"","protected":false},"excerpt":{"rendered":"","protected":false},"author":20,"featured_media":0,"parent":0,"menu_order":0,"comment_status":"closed","ping_status":"closed","template":"service-template.php","meta":{"_acf_changed":false,"footnotes":""},"class_list":["post-5301","page","type-page","status-publish","hentry"],"acf":[],"yoast_head":"<!-- This site is optimized with the Yoast SEO plugin v26.0 - https:\/\/yoast.com\/wordpress\/plugins\/seo\/ -->\n<title>Avocat en responsabilit\u00e9 des bars et restaurants \u00e0 Ottawa<\/title>\n<meta name=\"description\" content=\"Obtenez l\u2019aide d\u2019avocats exp\u00e9riment\u00e9s \u00e0 Ottawa pour les cas de responsabilit\u00e9 des bars et restaurants. Nous d\u00e9fendons vos droits et r\u00e9clamons une indemnisation\" \/>\n<meta name=\"robots\" content=\"index, follow, max-snippet:-1, max-image-preview:large, max-video-preview:-1\" \/>\n<link rel=\"canonical\" href=\"https:\/\/burntucker.com\/fr\/responsabilite-bars-restaurants\/\" \/>\n<meta property=\"og:locale\" content=\"fr_CA\" \/>\n<meta property=\"og:type\" content=\"article\" \/>\n<meta property=\"og:title\" content=\"Avocat en responsabilit\u00e9 des bars et restaurants \u00e0 Ottawa\" \/>\n<meta property=\"og:description\" content=\"Obtenez l\u2019aide d\u2019avocats exp\u00e9riment\u00e9s \u00e0 Ottawa pour les cas de responsabilit\u00e9 des bars et restaurants. Nous d\u00e9fendons vos droits et r\u00e9clamons une indemnisation\" \/>\n<meta property=\"og:url\" content=\"https:\/\/burntucker.com\/fr\/responsabilite-bars-restaurants\/\" \/>\n<meta property=\"og:site_name\" content=\"Ottawa Personal Injury Lawyers Burn Tucker Lacha\u00eene\" \/>\n<meta property=\"article:modified_time\" content=\"2025-07-30T11:37:46+00:00\" \/>\n<meta name=\"twitter:card\" content=\"summary_large_image\" \/>\n<script type=\"application\/ld+json\" class=\"yoast-schema-graph\">{\"@context\":\"https:\/\/schema.org\",\"@graph\":[{\"@type\":\"WebPage\",\"@id\":\"https:\/\/burntucker.com\/fr\/responsabilite-bars-restaurants\/\",\"url\":\"https:\/\/burntucker.com\/fr\/responsabilite-bars-restaurants\/\",\"name\":\"Avocat en responsabilit\u00e9 des bars et restaurants \u00e0 Ottawa\",\"isPartOf\":{\"@id\":\"https:\/\/burntucker.com\/#website\"},\"datePublished\":\"2025-05-22T11:58:26+00:00\",\"dateModified\":\"2025-07-30T11:37:46+00:00\",\"description\":\"Obtenez l\u2019aide d\u2019avocats exp\u00e9riment\u00e9s \u00e0 Ottawa pour les cas de responsabilit\u00e9 des bars et restaurants. Nous d\u00e9fendons vos droits et r\u00e9clamons une indemnisation\",\"breadcrumb\":{\"@id\":\"https:\/\/burntucker.com\/fr\/responsabilite-bars-restaurants\/#breadcrumb\"},\"inLanguage\":\"fr-CA\",\"potentialAction\":[{\"@type\":\"ReadAction\",\"target\":[\"https:\/\/burntucker.com\/fr\/responsabilite-bars-restaurants\/\"]}]},{\"@type\":\"BreadcrumbList\",\"@id\":\"https:\/\/burntucker.com\/fr\/responsabilite-bars-restaurants\/#breadcrumb\",\"itemListElement\":[{\"@type\":\"ListItem\",\"position\":1,\"name\":\"Home\",\"item\":\"https:\/\/burntucker.com\/fr\/\"},{\"@type\":\"ListItem\",\"position\":2,\"name\":\"Avocat en Responsabilit\u00e9 des Bars et Restaurants \u00e0 Ottawa NEW\"}]},{\"@type\":\"WebSite\",\"@id\":\"https:\/\/burntucker.com\/#website\",\"url\":\"https:\/\/burntucker.com\/\",\"name\":\"Personal Injury Lawyers Ottawa\",\"description\":\"Burn Tucker Lacha\u00eene is one of eastern Ontario&#039;s largest personal injury firms. We have the experience and skill to represent you after an accident. Offices in Ottawa and Hawkesbury.\",\"potentialAction\":[{\"@type\":\"SearchAction\",\"target\":{\"@type\":\"EntryPoint\",\"urlTemplate\":\"https:\/\/burntucker.com\/?s={search_term_string}\"},\"query-input\":{\"@type\":\"PropertyValueSpecification\",\"valueRequired\":true,\"valueName\":\"search_term_string\"}}],\"inLanguage\":\"fr-CA\"}]}<\/script>\n<!-- \/ Yoast SEO plugin. -->","yoast_head_json":{"title":"Avocat en responsabilit\u00e9 des bars et restaurants \u00e0 Ottawa","description":"Obtenez l\u2019aide d\u2019avocats exp\u00e9riment\u00e9s \u00e0 Ottawa pour les cas de responsabilit\u00e9 des bars et restaurants. Nous d\u00e9fendons vos droits et r\u00e9clamons une indemnisation","robots":{"index":"index","follow":"follow","max-snippet":"max-snippet:-1","max-image-preview":"max-image-preview:large","max-video-preview":"max-video-preview:-1"},"canonical":"https:\/\/burntucker.com\/fr\/responsabilite-bars-restaurants\/","og_locale":"fr_CA","og_type":"article","og_title":"Avocat en responsabilit\u00e9 des bars et restaurants \u00e0 Ottawa","og_description":"Obtenez l\u2019aide d\u2019avocats exp\u00e9riment\u00e9s \u00e0 Ottawa pour les cas de responsabilit\u00e9 des bars et restaurants. Nous d\u00e9fendons vos droits et r\u00e9clamons une indemnisation","og_url":"https:\/\/burntucker.com\/fr\/responsabilite-bars-restaurants\/","og_site_name":"Ottawa Personal Injury Lawyers Burn Tucker Lacha\u00eene","article_modified_time":"2025-07-30T11:37:46+00:00","twitter_card":"summary_large_image","schema":{"@context":"https:\/\/schema.org","@graph":[{"@type":"WebPage","@id":"https:\/\/burntucker.com\/fr\/responsabilite-bars-restaurants\/","url":"https:\/\/burntucker.com\/fr\/responsabilite-bars-restaurants\/","name":"Avocat en responsabilit\u00e9 des bars et restaurants \u00e0 Ottawa","isPartOf":{"@id":"https:\/\/burntucker.com\/#website"},"datePublished":"2025-05-22T11:58:26+00:00","dateModified":"2025-07-30T11:37:46+00:00","description":"Obtenez l\u2019aide d\u2019avocats exp\u00e9riment\u00e9s \u00e0 Ottawa pour les cas de responsabilit\u00e9 des bars et restaurants. Nous d\u00e9fendons vos droits et r\u00e9clamons une indemnisation","breadcrumb":{"@id":"https:\/\/burntucker.com\/fr\/responsabilite-bars-restaurants\/#breadcrumb"},"inLanguage":"fr-CA","potentialAction":[{"@type":"ReadAction","target":["https:\/\/burntucker.com\/fr\/responsabilite-bars-restaurants\/"]}]},{"@type":"BreadcrumbList","@id":"https:\/\/burntucker.com\/fr\/responsabilite-bars-restaurants\/#breadcrumb","itemListElement":[{"@type":"ListItem","position":1,"name":"Home","item":"https:\/\/burntucker.com\/fr\/"},{"@type":"ListItem","position":2,"name":"Avocat en Responsabilit\u00e9 des Bars et Restaurants \u00e0 Ottawa NEW"}]},{"@type":"WebSite","@id":"https:\/\/burntucker.com\/#website","url":"https:\/\/burntucker.com\/","name":"Personal Injury Lawyers Ottawa","description":"Burn Tucker Lacha\u00eene is one of eastern Ontario&#039;s largest personal injury firms. We have the experience and skill to represent you after an accident. Offices in Ottawa and Hawkesbury.","potentialAction":[{"@type":"SearchAction","target":{"@type":"EntryPoint","urlTemplate":"https:\/\/burntucker.com\/?s={search_term_string}"},"query-input":{"@type":"PropertyValueSpecification","valueRequired":true,"valueName":"search_term_string"}}],"inLanguage":"fr-CA"}]}},"_links":{"self":[{"href":"https:\/\/burntucker.com\/fr\/wp-json\/wp\/v2\/pages\/5301","targetHints":{"allow":["GET"]}}],"collection":[{"href":"https:\/\/burntucker.com\/fr\/wp-json\/wp\/v2\/pages"}],"about":[{"href":"https:\/\/burntucker.com\/fr\/wp-json\/wp\/v2\/types\/page"}],"author":[{"embeddable":true,"href":"https:\/\/burntucker.com\/fr\/wp-json\/wp\/v2\/users\/20"}],"replies":[{"embeddable":true,"href":"https:\/\/burntucker.com\/fr\/wp-json\/wp\/v2\/comments?post=5301"}],"version-history":[{"count":0,"href":"https:\/\/burntucker.com\/fr\/wp-json\/wp\/v2\/pages\/5301\/revisions"}],"wp:attachment":[{"href":"https:\/\/burntucker.com\/fr\/wp-json\/wp\/v2\/media?parent=5301"}],"curies":[{"name":"wp","href":"https:\/\/api.w.org\/{rel}","templated":true}]}}