{"id":5291,"date":"2025-05-21T16:03:25","date_gmt":"2025-05-21T20:03:25","guid":{"rendered":"https:\/\/burntucker.com\/?page_id=5291"},"modified":"2025-08-06T08:10:04","modified_gmt":"2025-08-06T12:10:04","slug":"accidents-facultes-affaiblies","status":"publish","type":"page","link":"https:\/\/burntucker.com\/fr\/accidents-facultes-affaiblies\/","title":{"rendered":"Avocat en Accidents de Conduite avec Facult\u00e9s Affaiblies \u00e0 Ottawa NEW"},"content":{"rendered":"","protected":false},"excerpt":{"rendered":"","protected":false},"author":20,"featured_media":0,"parent":0,"menu_order":0,"comment_status":"closed","ping_status":"closed","template":"service-template.php","meta":{"_acf_changed":false,"footnotes":""},"class_list":["post-5291","page","type-page","status-publish","hentry"],"acf":[],"yoast_head":"<!-- This site is optimized with the Yoast SEO plugin v26.0 - https:\/\/yoast.com\/wordpress\/plugins\/seo\/ -->\n<title>Avocat en accidents caus\u00e9s par facult\u00e9s affaiblies \u00e0 Ottawa - CONSULTATION GRATUITE<\/title>\n<meta name=\"description\" content=\"Nos avocats \u00e0 Ottawa ont aid\u00e9 de nombreuses victimes d&#039;accidents li\u00e9s \u00e0 l\u2019alcool ou aux drogues \u00e0 obtenir une indemnisation. Consultation gratuite.\" \/>\n<meta name=\"robots\" content=\"index, follow, max-snippet:-1, max-image-preview:large, max-video-preview:-1\" \/>\n<link rel=\"canonical\" href=\"https:\/\/burntucker.com\/fr\/accidents-facultes-affaiblies\/\" \/>\n<meta property=\"og:locale\" content=\"fr_CA\" \/>\n<meta property=\"og:type\" content=\"article\" \/>\n<meta property=\"og:title\" content=\"Avocat en accidents caus\u00e9s par facult\u00e9s affaiblies \u00e0 Ottawa - CONSULTATION GRATUITE\" \/>\n<meta property=\"og:description\" content=\"Nos avocats \u00e0 Ottawa ont aid\u00e9 de nombreuses victimes d&#039;accidents li\u00e9s \u00e0 l\u2019alcool ou aux drogues \u00e0 obtenir une indemnisation. Consultation gratuite.\" \/>\n<meta property=\"og:url\" content=\"https:\/\/burntucker.com\/fr\/accidents-facultes-affaiblies\/\" \/>\n<meta property=\"og:site_name\" content=\"Ottawa Personal Injury Lawyers Burn Tucker Lacha\u00eene\" \/>\n<meta property=\"article:modified_time\" content=\"2025-08-06T12:10:04+00:00\" \/>\n<meta name=\"twitter:card\" content=\"summary_large_image\" \/>\n<script type=\"application\/ld+json\" class=\"yoast-schema-graph\">{\"@context\":\"https:\/\/schema.org\",\"@graph\":[{\"@type\":\"WebPage\",\"@id\":\"https:\/\/burntucker.com\/fr\/accidents-facultes-affaiblies\/\",\"url\":\"https:\/\/burntucker.com\/fr\/accidents-facultes-affaiblies\/\",\"name\":\"Avocat en accidents caus\u00e9s par facult\u00e9s affaiblies \u00e0 Ottawa - CONSULTATION GRATUITE\",\"isPartOf\":{\"@id\":\"https:\/\/burntucker.com\/#website\"},\"datePublished\":\"2025-05-21T20:03:25+00:00\",\"dateModified\":\"2025-08-06T12:10:04+00:00\",\"description\":\"Nos avocats \u00e0 Ottawa ont aid\u00e9 de nombreuses victimes d'accidents li\u00e9s \u00e0 l\u2019alcool ou aux drogues \u00e0 obtenir une indemnisation. Consultation gratuite.\",\"breadcrumb\":{\"@id\":\"https:\/\/burntucker.com\/fr\/accidents-facultes-affaiblies\/#breadcrumb\"},\"inLanguage\":\"fr-CA\",\"potentialAction\":[{\"@type\":\"ReadAction\",\"target\":[\"https:\/\/burntucker.com\/fr\/accidents-facultes-affaiblies\/\"]}]},{\"@type\":\"BreadcrumbList\",\"@id\":\"https:\/\/burntucker.com\/fr\/accidents-facultes-affaiblies\/#breadcrumb\",\"itemListElement\":[{\"@type\":\"ListItem\",\"position\":1,\"name\":\"Home\",\"item\":\"https:\/\/burntucker.com\/fr\/\"},{\"@type\":\"ListItem\",\"position\":2,\"name\":\"Avocat en Accidents de Conduite avec Facult\u00e9s Affaiblies \u00e0 Ottawa NEW\"}]},{\"@type\":\"WebSite\",\"@id\":\"https:\/\/burntucker.com\/#website\",\"url\":\"https:\/\/burntucker.com\/\",\"name\":\"Personal Injury Lawyers Ottawa\",\"description\":\"Burn Tucker Lacha\u00eene is one of eastern Ontario&#039;s largest personal injury firms. We have the experience and skill to represent you after an accident. Offices in Ottawa and Hawkesbury.\",\"potentialAction\":[{\"@type\":\"SearchAction\",\"target\":{\"@type\":\"EntryPoint\",\"urlTemplate\":\"https:\/\/burntucker.com\/?s={search_term_string}\"},\"query-input\":{\"@type\":\"PropertyValueSpecification\",\"valueRequired\":true,\"valueName\":\"search_term_string\"}}],\"inLanguage\":\"fr-CA\"}]}<\/script>\n<!-- \/ Yoast SEO plugin. -->","yoast_head_json":{"title":"Avocat en accidents caus\u00e9s par facult\u00e9s affaiblies \u00e0 Ottawa - CONSULTATION GRATUITE","description":"Nos avocats \u00e0 Ottawa ont aid\u00e9 de nombreuses victimes d'accidents li\u00e9s \u00e0 l\u2019alcool ou aux drogues \u00e0 obtenir une indemnisation. Consultation gratuite.","robots":{"index":"index","follow":"follow","max-snippet":"max-snippet:-1","max-image-preview":"max-image-preview:large","max-video-preview":"max-video-preview:-1"},"canonical":"https:\/\/burntucker.com\/fr\/accidents-facultes-affaiblies\/","og_locale":"fr_CA","og_type":"article","og_title":"Avocat en accidents caus\u00e9s par facult\u00e9s affaiblies \u00e0 Ottawa - CONSULTATION GRATUITE","og_description":"Nos avocats \u00e0 Ottawa ont aid\u00e9 de nombreuses victimes d'accidents li\u00e9s \u00e0 l\u2019alcool ou aux drogues \u00e0 obtenir une indemnisation. Consultation gratuite.","og_url":"https:\/\/burntucker.com\/fr\/accidents-facultes-affaiblies\/","og_site_name":"Ottawa Personal Injury Lawyers Burn Tucker Lacha\u00eene","article_modified_time":"2025-08-06T12:10:04+00:00","twitter_card":"summary_large_image","schema":{"@context":"https:\/\/schema.org","@graph":[{"@type":"WebPage","@id":"https:\/\/burntucker.com\/fr\/accidents-facultes-affaiblies\/","url":"https:\/\/burntucker.com\/fr\/accidents-facultes-affaiblies\/","name":"Avocat en accidents caus\u00e9s par facult\u00e9s affaiblies \u00e0 Ottawa - CONSULTATION GRATUITE","isPartOf":{"@id":"https:\/\/burntucker.com\/#website"},"datePublished":"2025-05-21T20:03:25+00:00","dateModified":"2025-08-06T12:10:04+00:00","description":"Nos avocats \u00e0 Ottawa ont aid\u00e9 de nombreuses victimes d'accidents li\u00e9s \u00e0 l\u2019alcool ou aux drogues \u00e0 obtenir une indemnisation. Consultation gratuite.","breadcrumb":{"@id":"https:\/\/burntucker.com\/fr\/accidents-facultes-affaiblies\/#breadcrumb"},"inLanguage":"fr-CA","potentialAction":[{"@type":"ReadAction","target":["https:\/\/burntucker.com\/fr\/accidents-facultes-affaiblies\/"]}]},{"@type":"BreadcrumbList","@id":"https:\/\/burntucker.com\/fr\/accidents-facultes-affaiblies\/#breadcrumb","itemListElement":[{"@type":"ListItem","position":1,"name":"Home","item":"https:\/\/burntucker.com\/fr\/"},{"@type":"ListItem","position":2,"name":"Avocat en Accidents de Conduite avec Facult\u00e9s Affaiblies \u00e0 Ottawa NEW"}]},{"@type":"WebSite","@id":"https:\/\/burntucker.com\/#website","url":"https:\/\/burntucker.com\/","name":"Personal Injury Lawyers Ottawa","description":"Burn Tucker Lacha\u00eene is one of eastern Ontario&#039;s largest personal injury firms. We have the experience and skill to represent you after an accident. Offices in Ottawa and Hawkesbury.","potentialAction":[{"@type":"SearchAction","target":{"@type":"EntryPoint","urlTemplate":"https:\/\/burntucker.com\/?s={search_term_string}"},"query-input":{"@type":"PropertyValueSpecification","valueRequired":true,"valueName":"search_term_string"}}],"inLanguage":"fr-CA"}]}},"_links":{"self":[{"href":"https:\/\/burntucker.com\/fr\/wp-json\/wp\/v2\/pages\/5291","targetHints":{"allow":["GET"]}}],"collection":[{"href":"https:\/\/burntucker.com\/fr\/wp-json\/wp\/v2\/pages"}],"about":[{"href":"https:\/\/burntucker.com\/fr\/wp-json\/wp\/v2\/types\/page"}],"author":[{"embeddable":true,"href":"https:\/\/burntucker.com\/fr\/wp-json\/wp\/v2\/users\/20"}],"replies":[{"embeddable":true,"href":"https:\/\/burntucker.com\/fr\/wp-json\/wp\/v2\/comments?post=5291"}],"version-history":[{"count":0,"href":"https:\/\/burntucker.com\/fr\/wp-json\/wp\/v2\/pages\/5291\/revisions"}],"wp:attachment":[{"href":"https:\/\/burntucker.com\/fr\/wp-json\/wp\/v2\/media?parent=5291"}],"curies":[{"name":"wp","href":"https:\/\/api.w.org\/{rel}","templated":true}]}}