{"id":3406,"date":"2024-02-01T07:07:45","date_gmt":"2024-02-01T12:07:45","guid":{"rendered":"https:\/\/burntucker.com\/?page_id=3406"},"modified":"2025-09-19T09:28:41","modified_gmt":"2025-09-19T13:28:41","slug":"avocate-alison-gilmour","status":"publish","type":"page","link":"https:\/\/burntucker.com\/fr\/notreequipe\/avocate-alison-gilmour\/","title":{"rendered":"Avocate &#8211; Alison Gilmour"},"content":{"rendered":"","protected":false},"excerpt":{"rendered":"","protected":false},"author":1,"featured_media":0,"parent":2453,"menu_order":0,"comment_status":"closed","ping_status":"closed","template":"","meta":{"_acf_changed":false,"footnotes":""},"class_list":["post-3406","page","type-page","status-publish","hentry"],"acf":[],"yoast_head":"<!-- This site is optimized with the Yoast SEO plugin v26.0 - https:\/\/yoast.com\/wordpress\/plugins\/seo\/ -->\n<title>Alison Gilmour | Avocats Burn Tucker Lacha\u00eene Ottawa<\/title>\n<meta name=\"description\" content=\"Alison a travaill\u00e9 presque exclusivement dans le domaine de l&#039;assurance invalidit\u00e9 \u00e0 long terme, ainsi que dans le traitement des questions li\u00e9es \u00e0 l&#039;assurance vie, aux soins de longue dur\u00e9e et aux maladies graves depuis 2001.\" \/>\n<meta name=\"robots\" content=\"index, follow, max-snippet:-1, max-image-preview:large, max-video-preview:-1\" \/>\n<link rel=\"canonical\" href=\"https:\/\/burntucker.com\/our-team\/senior-associate-alison-gilmour\/\" \/>\n<meta property=\"og:locale\" content=\"fr_CA\" \/>\n<meta property=\"og:type\" content=\"article\" \/>\n<meta property=\"og:title\" content=\"Alison Gilmour | Avocats Burn Tucker Lacha\u00eene Ottawa\" \/>\n<meta property=\"og:description\" content=\"Alison a travaill\u00e9 presque exclusivement dans le domaine de l&#039;assurance invalidit\u00e9 \u00e0 long terme, ainsi que dans le traitement des questions li\u00e9es \u00e0 l&#039;assurance vie, aux soins de longue dur\u00e9e et aux maladies graves depuis 2001.\" \/>\n<meta property=\"og:url\" content=\"https:\/\/burntucker.com\/our-team\/senior-associate-alison-gilmour\/\" \/>\n<meta property=\"og:site_name\" content=\"Ottawa Personal Injury Lawyers Burn Tucker Lacha\u00eene\" \/>\n<meta property=\"article:modified_time\" content=\"2025-09-19T13:28:41+00:00\" \/>\n<meta name=\"twitter:card\" content=\"summary_large_image\" \/>\n<script type=\"application\/ld+json\" class=\"yoast-schema-graph\">{\"@context\":\"https:\/\/schema.org\",\"@graph\":[{\"@type\":\"WebPage\",\"@id\":\"https:\/\/burntucker.com\/our-team\/senior-associate-alison-gilmour\/\",\"url\":\"https:\/\/burntucker.com\/our-team\/senior-associate-alison-gilmour\/\",\"name\":\"Alison Gilmour | Avocats Burn Tucker Lacha\u00eene Ottawa\",\"isPartOf\":{\"@id\":\"https:\/\/burntucker.com\/#website\"},\"datePublished\":\"2024-02-01T12:07:45+00:00\",\"dateModified\":\"2025-09-19T13:28:41+00:00\",\"description\":\"Alison a travaill\u00e9 presque exclusivement dans le domaine de l'assurance invalidit\u00e9 \u00e0 long terme, ainsi que dans le traitement des questions li\u00e9es \u00e0 l'assurance vie, aux soins de longue dur\u00e9e et aux maladies graves depuis 2001.\",\"breadcrumb\":{\"@id\":\"https:\/\/burntucker.com\/our-team\/senior-associate-alison-gilmour\/#breadcrumb\"},\"inLanguage\":\"fr-CA\",\"potentialAction\":[{\"@type\":\"ReadAction\",\"target\":[\"https:\/\/burntucker.com\/our-team\/senior-associate-alison-gilmour\/\"]}]},{\"@type\":\"BreadcrumbList\",\"@id\":\"https:\/\/burntucker.com\/our-team\/senior-associate-alison-gilmour\/#breadcrumb\",\"itemListElement\":[{\"@type\":\"ListItem\",\"position\":1,\"name\":\"Home\",\"item\":\"https:\/\/burntucker.com\/fr\/\"},{\"@type\":\"ListItem\",\"position\":2,\"name\":\"Notre \u00e9quipe\",\"item\":\"https:\/\/burntucker.com\/our-team\/\"},{\"@type\":\"ListItem\",\"position\":3,\"name\":\"Avocate &#8211; Alison Gilmour\"}]},{\"@type\":\"WebSite\",\"@id\":\"https:\/\/burntucker.com\/#website\",\"url\":\"https:\/\/burntucker.com\/\",\"name\":\"Personal Injury Lawyers Ottawa\",\"description\":\"Burn Tucker Lacha\u00eene is one of eastern Ontario&#039;s largest personal injury firms. We have the experience and skill to represent you after an accident. Offices in Ottawa and Hawkesbury.\",\"potentialAction\":[{\"@type\":\"SearchAction\",\"target\":{\"@type\":\"EntryPoint\",\"urlTemplate\":\"https:\/\/burntucker.com\/?s={search_term_string}\"},\"query-input\":{\"@type\":\"PropertyValueSpecification\",\"valueRequired\":true,\"valueName\":\"search_term_string\"}}],\"inLanguage\":\"fr-CA\"}]}<\/script>\n<!-- \/ Yoast SEO plugin. -->","yoast_head_json":{"title":"Alison Gilmour | Avocats Burn Tucker Lacha\u00eene Ottawa","description":"Alison a travaill\u00e9 presque exclusivement dans le domaine de l'assurance invalidit\u00e9 \u00e0 long terme, ainsi que dans le traitement des questions li\u00e9es \u00e0 l'assurance vie, aux soins de longue dur\u00e9e et aux maladies graves depuis 2001.","robots":{"index":"index","follow":"follow","max-snippet":"max-snippet:-1","max-image-preview":"max-image-preview:large","max-video-preview":"max-video-preview:-1"},"canonical":"https:\/\/burntucker.com\/our-team\/senior-associate-alison-gilmour\/","og_locale":"fr_CA","og_type":"article","og_title":"Alison Gilmour | Avocats Burn Tucker Lacha\u00eene Ottawa","og_description":"Alison a travaill\u00e9 presque exclusivement dans le domaine de l'assurance invalidit\u00e9 \u00e0 long terme, ainsi que dans le traitement des questions li\u00e9es \u00e0 l'assurance vie, aux soins de longue dur\u00e9e et aux maladies graves depuis 2001.","og_url":"https:\/\/burntucker.com\/our-team\/senior-associate-alison-gilmour\/","og_site_name":"Ottawa Personal Injury Lawyers Burn Tucker Lacha\u00eene","article_modified_time":"2025-09-19T13:28:41+00:00","twitter_card":"summary_large_image","schema":{"@context":"https:\/\/schema.org","@graph":[{"@type":"WebPage","@id":"https:\/\/burntucker.com\/our-team\/senior-associate-alison-gilmour\/","url":"https:\/\/burntucker.com\/our-team\/senior-associate-alison-gilmour\/","name":"Alison Gilmour | Avocats Burn Tucker Lacha\u00eene Ottawa","isPartOf":{"@id":"https:\/\/burntucker.com\/#website"},"datePublished":"2024-02-01T12:07:45+00:00","dateModified":"2025-09-19T13:28:41+00:00","description":"Alison a travaill\u00e9 presque exclusivement dans le domaine de l'assurance invalidit\u00e9 \u00e0 long terme, ainsi que dans le traitement des questions li\u00e9es \u00e0 l'assurance vie, aux soins de longue dur\u00e9e et aux maladies graves depuis 2001.","breadcrumb":{"@id":"https:\/\/burntucker.com\/our-team\/senior-associate-alison-gilmour\/#breadcrumb"},"inLanguage":"fr-CA","potentialAction":[{"@type":"ReadAction","target":["https:\/\/burntucker.com\/our-team\/senior-associate-alison-gilmour\/"]}]},{"@type":"BreadcrumbList","@id":"https:\/\/burntucker.com\/our-team\/senior-associate-alison-gilmour\/#breadcrumb","itemListElement":[{"@type":"ListItem","position":1,"name":"Home","item":"https:\/\/burntucker.com\/fr\/"},{"@type":"ListItem","position":2,"name":"Notre \u00e9quipe","item":"https:\/\/burntucker.com\/our-team\/"},{"@type":"ListItem","position":3,"name":"Avocate &#8211; Alison Gilmour"}]},{"@type":"WebSite","@id":"https:\/\/burntucker.com\/#website","url":"https:\/\/burntucker.com\/","name":"Personal Injury Lawyers Ottawa","description":"Burn Tucker Lacha\u00eene is one of eastern Ontario&#039;s largest personal injury firms. We have the experience and skill to represent you after an accident. Offices in Ottawa and Hawkesbury.","potentialAction":[{"@type":"SearchAction","target":{"@type":"EntryPoint","urlTemplate":"https:\/\/burntucker.com\/?s={search_term_string}"},"query-input":{"@type":"PropertyValueSpecification","valueRequired":true,"valueName":"search_term_string"}}],"inLanguage":"fr-CA"}]}},"_links":{"self":[{"href":"https:\/\/burntucker.com\/fr\/wp-json\/wp\/v2\/pages\/3406","targetHints":{"allow":["GET"]}}],"collection":[{"href":"https:\/\/burntucker.com\/fr\/wp-json\/wp\/v2\/pages"}],"about":[{"href":"https:\/\/burntucker.com\/fr\/wp-json\/wp\/v2\/types\/page"}],"author":[{"embeddable":true,"href":"https:\/\/burntucker.com\/fr\/wp-json\/wp\/v2\/users\/1"}],"replies":[{"embeddable":true,"href":"https:\/\/burntucker.com\/fr\/wp-json\/wp\/v2\/comments?post=3406"}],"version-history":[{"count":0,"href":"https:\/\/burntucker.com\/fr\/wp-json\/wp\/v2\/pages\/3406\/revisions"}],"up":[{"embeddable":true,"href":"https:\/\/burntucker.com\/fr\/wp-json\/wp\/v2\/pages\/2453"}],"wp:attachment":[{"href":"https:\/\/burntucker.com\/fr\/wp-json\/wp\/v2\/media?parent=3406"}],"curies":[{"name":"wp","href":"https:\/\/api.w.org\/{rel}","templated":true}]}}