{"id":2590,"date":"2021-07-27T17:55:47","date_gmt":"2021-07-27T21:55:47","guid":{"rendered":"https:\/\/burntucker.com\/carrieres\/technicien-juridique-bilingue\/"},"modified":"2022-06-16T11:31:26","modified_gmt":"2022-06-16T15:31:26","slug":"technicien-juridique-bilingue","status":"publish","type":"page","link":"https:\/\/burntucker.com\/fr\/carrieres\/technicien-juridique-bilingue\/","title":{"rendered":"Technicien\/ne juridique bilingue"},"content":{"rendered":"","protected":false},"excerpt":{"rendered":"","protected":false},"author":1,"featured_media":0,"parent":2373,"menu_order":0,"comment_status":"closed","ping_status":"closed","template":"","meta":{"_acf_changed":false,"footnotes":""},"class_list":["post-2590","page","type-page","status-publish","hentry"],"acf":[],"yoast_head":"<!-- This site is optimized with the Yoast SEO plugin v26.0 - https:\/\/yoast.com\/wordpress\/plugins\/seo\/ -->\n<title>Technicien\/ne juridique bilingue | Avocats Burn Tucker Lacha\u00eene Ottawa<\/title>\n<meta name=\"description\" content=\"Nous sommes \u00e0 la recherche d\u2019un\/e technicien\/ne juridique exp\u00e9riment\u00e9\/e et bilingue pour se joindre \u00e0 notre \u00e9quipe \u00e0 plein temps et de fa\u00e7on permanente.\" \/>\n<meta name=\"robots\" content=\"index, follow, max-snippet:-1, max-image-preview:large, max-video-preview:-1\" \/>\n<link rel=\"canonical\" href=\"https:\/\/burntucker.com\/careers\/bilingual-legal-clerk-position\/\" \/>\n<meta property=\"og:locale\" content=\"fr_CA\" \/>\n<meta property=\"og:type\" content=\"article\" \/>\n<meta property=\"og:title\" content=\"Technicien\/ne juridique bilingue | Avocats Burn Tucker Lacha\u00eene Ottawa\" \/>\n<meta property=\"og:description\" content=\"Nous sommes \u00e0 la recherche d\u2019un\/e technicien\/ne juridique exp\u00e9riment\u00e9\/e et bilingue pour se joindre \u00e0 notre \u00e9quipe \u00e0 plein temps et de fa\u00e7on permanente.\" \/>\n<meta property=\"og:url\" content=\"https:\/\/burntucker.com\/careers\/bilingual-legal-clerk-position\/\" \/>\n<meta property=\"og:site_name\" content=\"Ottawa Personal Injury Lawyers Burn Tucker Lacha\u00eene\" \/>\n<meta property=\"article:modified_time\" content=\"2022-06-16T15:31:26+00:00\" \/>\n<meta name=\"twitter:card\" content=\"summary_large_image\" \/>\n<script type=\"application\/ld+json\" class=\"yoast-schema-graph\">{\"@context\":\"https:\/\/schema.org\",\"@graph\":[{\"@type\":\"WebPage\",\"@id\":\"https:\/\/burntucker.com\/careers\/bilingual-legal-clerk-position\/\",\"url\":\"https:\/\/burntucker.com\/careers\/bilingual-legal-clerk-position\/\",\"name\":\"Technicien\/ne juridique bilingue | Avocats Burn Tucker Lacha\u00eene Ottawa\",\"isPartOf\":{\"@id\":\"https:\/\/burntucker.com\/#website\"},\"datePublished\":\"2021-07-27T21:55:47+00:00\",\"dateModified\":\"2022-06-16T15:31:26+00:00\",\"description\":\"Nous sommes \u00e0 la recherche d\u2019un\/e technicien\/ne juridique exp\u00e9riment\u00e9\/e et bilingue pour se joindre \u00e0 notre \u00e9quipe \u00e0 plein temps et de fa\u00e7on permanente.\",\"breadcrumb\":{\"@id\":\"https:\/\/burntucker.com\/careers\/bilingual-legal-clerk-position\/#breadcrumb\"},\"inLanguage\":\"fr-CA\",\"potentialAction\":[{\"@type\":\"ReadAction\",\"target\":[\"https:\/\/burntucker.com\/careers\/bilingual-legal-clerk-position\/\"]}]},{\"@type\":\"BreadcrumbList\",\"@id\":\"https:\/\/burntucker.com\/careers\/bilingual-legal-clerk-position\/#breadcrumb\",\"itemListElement\":[{\"@type\":\"ListItem\",\"position\":1,\"name\":\"Home\",\"item\":\"https:\/\/burntucker.com\/fr\/\"},{\"@type\":\"ListItem\",\"position\":2,\"name\":\"Carri\u00e8res\",\"item\":\"https:\/\/burntucker.com\/careers\/\"},{\"@type\":\"ListItem\",\"position\":3,\"name\":\"Technicien\/ne juridique bilingue\"}]},{\"@type\":\"WebSite\",\"@id\":\"https:\/\/burntucker.com\/#website\",\"url\":\"https:\/\/burntucker.com\/\",\"name\":\"Personal Injury Lawyers Ottawa\",\"description\":\"Burn Tucker Lacha\u00eene is one of eastern Ontario&#039;s largest personal injury firms. We have the experience and skill to represent you after an accident. Offices in Ottawa and Hawkesbury.\",\"potentialAction\":[{\"@type\":\"SearchAction\",\"target\":{\"@type\":\"EntryPoint\",\"urlTemplate\":\"https:\/\/burntucker.com\/?s={search_term_string}\"},\"query-input\":{\"@type\":\"PropertyValueSpecification\",\"valueRequired\":true,\"valueName\":\"search_term_string\"}}],\"inLanguage\":\"fr-CA\"}]}<\/script>\n<!-- \/ Yoast SEO plugin. -->","yoast_head_json":{"title":"Technicien\/ne juridique bilingue | Avocats Burn Tucker Lacha\u00eene Ottawa","description":"Nous sommes \u00e0 la recherche d\u2019un\/e technicien\/ne juridique exp\u00e9riment\u00e9\/e et bilingue pour se joindre \u00e0 notre \u00e9quipe \u00e0 plein temps et de fa\u00e7on permanente.","robots":{"index":"index","follow":"follow","max-snippet":"max-snippet:-1","max-image-preview":"max-image-preview:large","max-video-preview":"max-video-preview:-1"},"canonical":"https:\/\/burntucker.com\/careers\/bilingual-legal-clerk-position\/","og_locale":"fr_CA","og_type":"article","og_title":"Technicien\/ne juridique bilingue | Avocats Burn Tucker Lacha\u00eene Ottawa","og_description":"Nous sommes \u00e0 la recherche d\u2019un\/e technicien\/ne juridique exp\u00e9riment\u00e9\/e et bilingue pour se joindre \u00e0 notre \u00e9quipe \u00e0 plein temps et de fa\u00e7on permanente.","og_url":"https:\/\/burntucker.com\/careers\/bilingual-legal-clerk-position\/","og_site_name":"Ottawa Personal Injury Lawyers Burn Tucker Lacha\u00eene","article_modified_time":"2022-06-16T15:31:26+00:00","twitter_card":"summary_large_image","schema":{"@context":"https:\/\/schema.org","@graph":[{"@type":"WebPage","@id":"https:\/\/burntucker.com\/careers\/bilingual-legal-clerk-position\/","url":"https:\/\/burntucker.com\/careers\/bilingual-legal-clerk-position\/","name":"Technicien\/ne juridique bilingue | Avocats Burn Tucker Lacha\u00eene Ottawa","isPartOf":{"@id":"https:\/\/burntucker.com\/#website"},"datePublished":"2021-07-27T21:55:47+00:00","dateModified":"2022-06-16T15:31:26+00:00","description":"Nous sommes \u00e0 la recherche d\u2019un\/e technicien\/ne juridique exp\u00e9riment\u00e9\/e et bilingue pour se joindre \u00e0 notre \u00e9quipe \u00e0 plein temps et de fa\u00e7on permanente.","breadcrumb":{"@id":"https:\/\/burntucker.com\/careers\/bilingual-legal-clerk-position\/#breadcrumb"},"inLanguage":"fr-CA","potentialAction":[{"@type":"ReadAction","target":["https:\/\/burntucker.com\/careers\/bilingual-legal-clerk-position\/"]}]},{"@type":"BreadcrumbList","@id":"https:\/\/burntucker.com\/careers\/bilingual-legal-clerk-position\/#breadcrumb","itemListElement":[{"@type":"ListItem","position":1,"name":"Home","item":"https:\/\/burntucker.com\/fr\/"},{"@type":"ListItem","position":2,"name":"Carri\u00e8res","item":"https:\/\/burntucker.com\/careers\/"},{"@type":"ListItem","position":3,"name":"Technicien\/ne juridique bilingue"}]},{"@type":"WebSite","@id":"https:\/\/burntucker.com\/#website","url":"https:\/\/burntucker.com\/","name":"Personal Injury Lawyers Ottawa","description":"Burn Tucker Lacha\u00eene is one of eastern Ontario&#039;s largest personal injury firms. We have the experience and skill to represent you after an accident. Offices in Ottawa and Hawkesbury.","potentialAction":[{"@type":"SearchAction","target":{"@type":"EntryPoint","urlTemplate":"https:\/\/burntucker.com\/?s={search_term_string}"},"query-input":{"@type":"PropertyValueSpecification","valueRequired":true,"valueName":"search_term_string"}}],"inLanguage":"fr-CA"}]}},"_links":{"self":[{"href":"https:\/\/burntucker.com\/fr\/wp-json\/wp\/v2\/pages\/2590","targetHints":{"allow":["GET"]}}],"collection":[{"href":"https:\/\/burntucker.com\/fr\/wp-json\/wp\/v2\/pages"}],"about":[{"href":"https:\/\/burntucker.com\/fr\/wp-json\/wp\/v2\/types\/page"}],"author":[{"embeddable":true,"href":"https:\/\/burntucker.com\/fr\/wp-json\/wp\/v2\/users\/1"}],"replies":[{"embeddable":true,"href":"https:\/\/burntucker.com\/fr\/wp-json\/wp\/v2\/comments?post=2590"}],"version-history":[{"count":0,"href":"https:\/\/burntucker.com\/fr\/wp-json\/wp\/v2\/pages\/2590\/revisions"}],"up":[{"embeddable":true,"href":"https:\/\/burntucker.com\/fr\/wp-json\/wp\/v2\/pages\/2373"}],"wp:attachment":[{"href":"https:\/\/burntucker.com\/fr\/wp-json\/wp\/v2\/media?parent=2590"}],"curies":[{"name":"wp","href":"https:\/\/api.w.org\/{rel}","templated":true}]}}