{"id":2407,"date":"2021-06-17T13:55:59","date_gmt":"2021-06-17T17:55:59","guid":{"rendered":"https:\/\/burntucker.com\/autres-blessures\/lesions-medullaires\/"},"modified":"2021-08-03T16:55:37","modified_gmt":"2021-08-03T20:55:37","slug":"lesions-medullaires","status":"publish","type":"page","link":"https:\/\/burntucker.com\/fr\/autres-blessures\/lesions-medullaires\/","title":{"rendered":"L\u00e9sions m\u00e9dullaires"},"content":{"rendered":"","protected":false},"excerpt":{"rendered":"","protected":false},"author":1,"featured_media":0,"parent":2382,"menu_order":0,"comment_status":"closed","ping_status":"closed","template":"","meta":{"_acf_changed":false,"footnotes":""},"class_list":["post-2407","page","type-page","status-publish","hentry"],"acf":[],"yoast_head":"<!-- This site is optimized with the Yoast SEO plugin v26.0 - https:\/\/yoast.com\/wordpress\/plugins\/seo\/ -->\n<title>Avocats l\u00e9sions m\u00e9dullaires | Burn Tucker Lacha\u00eene<\/title>\n<meta name=\"description\" content=\"Nous repr\u00e9sentons les victimes de l\u00e9sions m\u00e9dullaires et leur famille \u00e0 Ottawa et dans l\u2019Est de l\u2019Ontario depuis plus de 20 ans.\" \/>\n<meta name=\"robots\" content=\"index, follow, max-snippet:-1, max-image-preview:large, max-video-preview:-1\" \/>\n<link rel=\"canonical\" href=\"https:\/\/burntucker.com\/fr\/autres-blessures\/lesions-medullaires\/\" \/>\n<meta property=\"og:locale\" content=\"fr_CA\" \/>\n<meta property=\"og:type\" content=\"article\" \/>\n<meta property=\"og:title\" content=\"Avocats l\u00e9sions m\u00e9dullaires | Burn Tucker Lacha\u00eene\" \/>\n<meta property=\"og:description\" content=\"Nous repr\u00e9sentons les victimes de l\u00e9sions m\u00e9dullaires et leur famille \u00e0 Ottawa et dans l\u2019Est de l\u2019Ontario depuis plus de 20 ans.\" \/>\n<meta property=\"og:url\" content=\"https:\/\/burntucker.com\/fr\/autres-blessures\/lesions-medullaires\/\" \/>\n<meta property=\"og:site_name\" content=\"Ottawa Personal Injury Lawyers Burn Tucker Lacha\u00eene\" \/>\n<meta property=\"article:modified_time\" content=\"2021-08-03T20:55:37+00:00\" \/>\n<meta name=\"twitter:card\" content=\"summary_large_image\" \/>\n<script type=\"application\/ld+json\" class=\"yoast-schema-graph\">{\"@context\":\"https:\/\/schema.org\",\"@graph\":[{\"@type\":\"WebPage\",\"@id\":\"https:\/\/burntucker.com\/fr\/autres-blessures\/lesions-medullaires\/\",\"url\":\"https:\/\/burntucker.com\/fr\/autres-blessures\/lesions-medullaires\/\",\"name\":\"Avocats l\u00e9sions m\u00e9dullaires | Burn Tucker Lacha\u00eene\",\"isPartOf\":{\"@id\":\"https:\/\/burntucker.com\/#website\"},\"datePublished\":\"2021-06-17T17:55:59+00:00\",\"dateModified\":\"2021-08-03T20:55:37+00:00\",\"description\":\"Nous repr\u00e9sentons les victimes de l\u00e9sions m\u00e9dullaires et leur famille \u00e0 Ottawa et dans l\u2019Est de l\u2019Ontario depuis plus de 20 ans.\",\"breadcrumb\":{\"@id\":\"https:\/\/burntucker.com\/fr\/autres-blessures\/lesions-medullaires\/#breadcrumb\"},\"inLanguage\":\"fr-CA\",\"potentialAction\":[{\"@type\":\"ReadAction\",\"target\":[\"https:\/\/burntucker.com\/fr\/autres-blessures\/lesions-medullaires\/\"]}]},{\"@type\":\"BreadcrumbList\",\"@id\":\"https:\/\/burntucker.com\/fr\/autres-blessures\/lesions-medullaires\/#breadcrumb\",\"itemListElement\":[{\"@type\":\"ListItem\",\"position\":1,\"name\":\"Home\",\"item\":\"https:\/\/burntucker.com\/fr\/\"},{\"@type\":\"ListItem\",\"position\":2,\"name\":\"Autres blessures\",\"item\":\"https:\/\/burntucker.com\/fr\/autres-blessures\/\"},{\"@type\":\"ListItem\",\"position\":3,\"name\":\"L\u00e9sions m\u00e9dullaires\"}]},{\"@type\":\"WebSite\",\"@id\":\"https:\/\/burntucker.com\/#website\",\"url\":\"https:\/\/burntucker.com\/\",\"name\":\"Personal Injury Lawyers Ottawa\",\"description\":\"Burn Tucker Lacha\u00eene is one of eastern Ontario&#039;s largest personal injury firms. We have the experience and skill to represent you after an accident. Offices in Ottawa and Hawkesbury.\",\"potentialAction\":[{\"@type\":\"SearchAction\",\"target\":{\"@type\":\"EntryPoint\",\"urlTemplate\":\"https:\/\/burntucker.com\/?s={search_term_string}\"},\"query-input\":{\"@type\":\"PropertyValueSpecification\",\"valueRequired\":true,\"valueName\":\"search_term_string\"}}],\"inLanguage\":\"fr-CA\"}]}<\/script>\n<!-- \/ Yoast SEO plugin. -->","yoast_head_json":{"title":"Avocats l\u00e9sions m\u00e9dullaires | Burn Tucker Lacha\u00eene","description":"Nous repr\u00e9sentons les victimes de l\u00e9sions m\u00e9dullaires et leur famille \u00e0 Ottawa et dans l\u2019Est de l\u2019Ontario depuis plus de 20 ans.","robots":{"index":"index","follow":"follow","max-snippet":"max-snippet:-1","max-image-preview":"max-image-preview:large","max-video-preview":"max-video-preview:-1"},"canonical":"https:\/\/burntucker.com\/fr\/autres-blessures\/lesions-medullaires\/","og_locale":"fr_CA","og_type":"article","og_title":"Avocats l\u00e9sions m\u00e9dullaires | Burn Tucker Lacha\u00eene","og_description":"Nous repr\u00e9sentons les victimes de l\u00e9sions m\u00e9dullaires et leur famille \u00e0 Ottawa et dans l\u2019Est de l\u2019Ontario depuis plus de 20 ans.","og_url":"https:\/\/burntucker.com\/fr\/autres-blessures\/lesions-medullaires\/","og_site_name":"Ottawa Personal Injury Lawyers Burn Tucker Lacha\u00eene","article_modified_time":"2021-08-03T20:55:37+00:00","twitter_card":"summary_large_image","schema":{"@context":"https:\/\/schema.org","@graph":[{"@type":"WebPage","@id":"https:\/\/burntucker.com\/fr\/autres-blessures\/lesions-medullaires\/","url":"https:\/\/burntucker.com\/fr\/autres-blessures\/lesions-medullaires\/","name":"Avocats l\u00e9sions m\u00e9dullaires | Burn Tucker Lacha\u00eene","isPartOf":{"@id":"https:\/\/burntucker.com\/#website"},"datePublished":"2021-06-17T17:55:59+00:00","dateModified":"2021-08-03T20:55:37+00:00","description":"Nous repr\u00e9sentons les victimes de l\u00e9sions m\u00e9dullaires et leur famille \u00e0 Ottawa et dans l\u2019Est de l\u2019Ontario depuis plus de 20 ans.","breadcrumb":{"@id":"https:\/\/burntucker.com\/fr\/autres-blessures\/lesions-medullaires\/#breadcrumb"},"inLanguage":"fr-CA","potentialAction":[{"@type":"ReadAction","target":["https:\/\/burntucker.com\/fr\/autres-blessures\/lesions-medullaires\/"]}]},{"@type":"BreadcrumbList","@id":"https:\/\/burntucker.com\/fr\/autres-blessures\/lesions-medullaires\/#breadcrumb","itemListElement":[{"@type":"ListItem","position":1,"name":"Home","item":"https:\/\/burntucker.com\/fr\/"},{"@type":"ListItem","position":2,"name":"Autres blessures","item":"https:\/\/burntucker.com\/fr\/autres-blessures\/"},{"@type":"ListItem","position":3,"name":"L\u00e9sions m\u00e9dullaires"}]},{"@type":"WebSite","@id":"https:\/\/burntucker.com\/#website","url":"https:\/\/burntucker.com\/","name":"Personal Injury Lawyers Ottawa","description":"Burn Tucker Lacha\u00eene is one of eastern Ontario&#039;s largest personal injury firms. We have the experience and skill to represent you after an accident. Offices in Ottawa and Hawkesbury.","potentialAction":[{"@type":"SearchAction","target":{"@type":"EntryPoint","urlTemplate":"https:\/\/burntucker.com\/?s={search_term_string}"},"query-input":{"@type":"PropertyValueSpecification","valueRequired":true,"valueName":"search_term_string"}}],"inLanguage":"fr-CA"}]}},"_links":{"self":[{"href":"https:\/\/burntucker.com\/fr\/wp-json\/wp\/v2\/pages\/2407","targetHints":{"allow":["GET"]}}],"collection":[{"href":"https:\/\/burntucker.com\/fr\/wp-json\/wp\/v2\/pages"}],"about":[{"href":"https:\/\/burntucker.com\/fr\/wp-json\/wp\/v2\/types\/page"}],"author":[{"embeddable":true,"href":"https:\/\/burntucker.com\/fr\/wp-json\/wp\/v2\/users\/1"}],"replies":[{"embeddable":true,"href":"https:\/\/burntucker.com\/fr\/wp-json\/wp\/v2\/comments?post=2407"}],"version-history":[{"count":0,"href":"https:\/\/burntucker.com\/fr\/wp-json\/wp\/v2\/pages\/2407\/revisions"}],"up":[{"embeddable":true,"href":"https:\/\/burntucker.com\/fr\/wp-json\/wp\/v2\/pages\/2382"}],"wp:attachment":[{"href":"https:\/\/burntucker.com\/fr\/wp-json\/wp\/v2\/media?parent=2407"}],"curies":[{"name":"wp","href":"https:\/\/api.w.org\/{rel}","templated":true}]}}