{"id":2384,"date":"2021-06-16T14:42:51","date_gmt":"2021-06-16T18:42:51","guid":{"rendered":"https:\/\/burntucker.com\/autres-blessures\/responsabilite-civile-des-bars-et-des-restaurants\/"},"modified":"2021-07-30T16:31:11","modified_gmt":"2021-07-30T20:31:11","slug":"responsabilite-bars-restaurants","status":"publish","type":"page","link":"https:\/\/burntucker.com\/fr\/autres-blessures\/responsabilite-bars-restaurants\/","title":{"rendered":"Responsabilit\u00e9 civile des bars et des restaurants"},"content":{"rendered":"","protected":false},"excerpt":{"rendered":"","protected":false},"author":1,"featured_media":0,"parent":2382,"menu_order":0,"comment_status":"closed","ping_status":"closed","template":"","meta":{"_acf_changed":false,"footnotes":""},"class_list":["post-2384","page","type-page","status-publish","hentry"],"acf":[],"yoast_head":"<!-- This site is optimized with the Yoast SEO plugin v26.0 - https:\/\/yoast.com\/wordpress\/plugins\/seo\/ -->\n<title>Responsabilit\u00e9s civile bars et restaurants | Avocats Burn Tucker Lacha\u00eene<\/title>\n<meta name=\"description\" content=\"Nos avocats en droit des pr\u00e9judices corporels peuvent vous aider \u00e0 tenir les \u00e9tablissements d\u00e9tenant un permis d\u2019alcool responsables.\" \/>\n<meta name=\"robots\" content=\"index, follow, max-snippet:-1, max-image-preview:large, max-video-preview:-1\" \/>\n<link rel=\"canonical\" href=\"https:\/\/burntucker.com\/fr\/autres-blessures\/responsabilite-bars-restaurants\/\" \/>\n<meta property=\"og:locale\" content=\"fr_CA\" \/>\n<meta property=\"og:type\" content=\"article\" \/>\n<meta property=\"og:title\" content=\"Responsabilit\u00e9s civile bars et restaurants | Avocats Burn Tucker Lacha\u00eene\" \/>\n<meta property=\"og:description\" content=\"Nos avocats en droit des pr\u00e9judices corporels peuvent vous aider \u00e0 tenir les \u00e9tablissements d\u00e9tenant un permis d\u2019alcool responsables.\" \/>\n<meta property=\"og:url\" content=\"https:\/\/burntucker.com\/fr\/autres-blessures\/responsabilite-bars-restaurants\/\" \/>\n<meta property=\"og:site_name\" content=\"Ottawa Personal Injury Lawyers Burn Tucker Lacha\u00eene\" \/>\n<meta property=\"article:modified_time\" content=\"2021-07-30T20:31:11+00:00\" \/>\n<meta name=\"twitter:card\" content=\"summary_large_image\" \/>\n<script type=\"application\/ld+json\" class=\"yoast-schema-graph\">{\"@context\":\"https:\/\/schema.org\",\"@graph\":[{\"@type\":\"WebPage\",\"@id\":\"https:\/\/burntucker.com\/fr\/autres-blessures\/responsabilite-bars-restaurants\/\",\"url\":\"https:\/\/burntucker.com\/fr\/autres-blessures\/responsabilite-bars-restaurants\/\",\"name\":\"Responsabilit\u00e9s civile bars et restaurants | Avocats Burn Tucker Lacha\u00eene\",\"isPartOf\":{\"@id\":\"https:\/\/burntucker.com\/#website\"},\"datePublished\":\"2021-06-16T18:42:51+00:00\",\"dateModified\":\"2021-07-30T20:31:11+00:00\",\"description\":\"Nos avocats en droit des pr\u00e9judices corporels peuvent vous aider \u00e0 tenir les \u00e9tablissements d\u00e9tenant un permis d\u2019alcool responsables.\",\"breadcrumb\":{\"@id\":\"https:\/\/burntucker.com\/fr\/autres-blessures\/responsabilite-bars-restaurants\/#breadcrumb\"},\"inLanguage\":\"fr-CA\",\"potentialAction\":[{\"@type\":\"ReadAction\",\"target\":[\"https:\/\/burntucker.com\/fr\/autres-blessures\/responsabilite-bars-restaurants\/\"]}]},{\"@type\":\"BreadcrumbList\",\"@id\":\"https:\/\/burntucker.com\/fr\/autres-blessures\/responsabilite-bars-restaurants\/#breadcrumb\",\"itemListElement\":[{\"@type\":\"ListItem\",\"position\":1,\"name\":\"Home\",\"item\":\"https:\/\/burntucker.com\/fr\/\"},{\"@type\":\"ListItem\",\"position\":2,\"name\":\"Autres blessures\",\"item\":\"https:\/\/burntucker.com\/fr\/autres-blessures\/\"},{\"@type\":\"ListItem\",\"position\":3,\"name\":\"Responsabilit\u00e9 civile des bars et des restaurants\"}]},{\"@type\":\"WebSite\",\"@id\":\"https:\/\/burntucker.com\/#website\",\"url\":\"https:\/\/burntucker.com\/\",\"name\":\"Personal Injury Lawyers Ottawa\",\"description\":\"Burn Tucker Lacha\u00eene is one of eastern Ontario&#039;s largest personal injury firms. We have the experience and skill to represent you after an accident. Offices in Ottawa and Hawkesbury.\",\"potentialAction\":[{\"@type\":\"SearchAction\",\"target\":{\"@type\":\"EntryPoint\",\"urlTemplate\":\"https:\/\/burntucker.com\/?s={search_term_string}\"},\"query-input\":{\"@type\":\"PropertyValueSpecification\",\"valueRequired\":true,\"valueName\":\"search_term_string\"}}],\"inLanguage\":\"fr-CA\"}]}<\/script>\n<!-- \/ Yoast SEO plugin. -->","yoast_head_json":{"title":"Responsabilit\u00e9s civile bars et restaurants | Avocats Burn Tucker Lacha\u00eene","description":"Nos avocats en droit des pr\u00e9judices corporels peuvent vous aider \u00e0 tenir les \u00e9tablissements d\u00e9tenant un permis d\u2019alcool responsables.","robots":{"index":"index","follow":"follow","max-snippet":"max-snippet:-1","max-image-preview":"max-image-preview:large","max-video-preview":"max-video-preview:-1"},"canonical":"https:\/\/burntucker.com\/fr\/autres-blessures\/responsabilite-bars-restaurants\/","og_locale":"fr_CA","og_type":"article","og_title":"Responsabilit\u00e9s civile bars et restaurants | Avocats Burn Tucker Lacha\u00eene","og_description":"Nos avocats en droit des pr\u00e9judices corporels peuvent vous aider \u00e0 tenir les \u00e9tablissements d\u00e9tenant un permis d\u2019alcool responsables.","og_url":"https:\/\/burntucker.com\/fr\/autres-blessures\/responsabilite-bars-restaurants\/","og_site_name":"Ottawa Personal Injury Lawyers Burn Tucker Lacha\u00eene","article_modified_time":"2021-07-30T20:31:11+00:00","twitter_card":"summary_large_image","schema":{"@context":"https:\/\/schema.org","@graph":[{"@type":"WebPage","@id":"https:\/\/burntucker.com\/fr\/autres-blessures\/responsabilite-bars-restaurants\/","url":"https:\/\/burntucker.com\/fr\/autres-blessures\/responsabilite-bars-restaurants\/","name":"Responsabilit\u00e9s civile bars et restaurants | Avocats Burn Tucker Lacha\u00eene","isPartOf":{"@id":"https:\/\/burntucker.com\/#website"},"datePublished":"2021-06-16T18:42:51+00:00","dateModified":"2021-07-30T20:31:11+00:00","description":"Nos avocats en droit des pr\u00e9judices corporels peuvent vous aider \u00e0 tenir les \u00e9tablissements d\u00e9tenant un permis d\u2019alcool responsables.","breadcrumb":{"@id":"https:\/\/burntucker.com\/fr\/autres-blessures\/responsabilite-bars-restaurants\/#breadcrumb"},"inLanguage":"fr-CA","potentialAction":[{"@type":"ReadAction","target":["https:\/\/burntucker.com\/fr\/autres-blessures\/responsabilite-bars-restaurants\/"]}]},{"@type":"BreadcrumbList","@id":"https:\/\/burntucker.com\/fr\/autres-blessures\/responsabilite-bars-restaurants\/#breadcrumb","itemListElement":[{"@type":"ListItem","position":1,"name":"Home","item":"https:\/\/burntucker.com\/fr\/"},{"@type":"ListItem","position":2,"name":"Autres blessures","item":"https:\/\/burntucker.com\/fr\/autres-blessures\/"},{"@type":"ListItem","position":3,"name":"Responsabilit\u00e9 civile des bars et des restaurants"}]},{"@type":"WebSite","@id":"https:\/\/burntucker.com\/#website","url":"https:\/\/burntucker.com\/","name":"Personal Injury Lawyers Ottawa","description":"Burn Tucker Lacha\u00eene is one of eastern Ontario&#039;s largest personal injury firms. We have the experience and skill to represent you after an accident. Offices in Ottawa and Hawkesbury.","potentialAction":[{"@type":"SearchAction","target":{"@type":"EntryPoint","urlTemplate":"https:\/\/burntucker.com\/?s={search_term_string}"},"query-input":{"@type":"PropertyValueSpecification","valueRequired":true,"valueName":"search_term_string"}}],"inLanguage":"fr-CA"}]}},"_links":{"self":[{"href":"https:\/\/burntucker.com\/fr\/wp-json\/wp\/v2\/pages\/2384","targetHints":{"allow":["GET"]}}],"collection":[{"href":"https:\/\/burntucker.com\/fr\/wp-json\/wp\/v2\/pages"}],"about":[{"href":"https:\/\/burntucker.com\/fr\/wp-json\/wp\/v2\/types\/page"}],"author":[{"embeddable":true,"href":"https:\/\/burntucker.com\/fr\/wp-json\/wp\/v2\/users\/1"}],"replies":[{"embeddable":true,"href":"https:\/\/burntucker.com\/fr\/wp-json\/wp\/v2\/comments?post=2384"}],"version-history":[{"count":0,"href":"https:\/\/burntucker.com\/fr\/wp-json\/wp\/v2\/pages\/2384\/revisions"}],"up":[{"embeddable":true,"href":"https:\/\/burntucker.com\/fr\/wp-json\/wp\/v2\/pages\/2382"}],"wp:attachment":[{"href":"https:\/\/burntucker.com\/fr\/wp-json\/wp\/v2\/media?parent=2384"}],"curies":[{"name":"wp","href":"https:\/\/api.w.org\/{rel}","templated":true}]}}