{"id":2373,"date":"2021-06-15T14:25:32","date_gmt":"2021-06-15T18:25:32","guid":{"rendered":"https:\/\/burntucker.com\/carrieres\/"},"modified":"2025-11-17T15:55:36","modified_gmt":"2025-11-17T20:55:36","slug":"carrieres","status":"publish","type":"page","link":"https:\/\/burntucker.com\/fr\/carrieres\/","title":{"rendered":"Carri\u00e8res"},"content":{"rendered":"","protected":false},"excerpt":{"rendered":"","protected":false},"author":1,"featured_media":0,"parent":0,"menu_order":0,"comment_status":"closed","ping_status":"closed","template":"","meta":{"_acf_changed":false,"footnotes":""},"class_list":["post-2373","page","type-page","status-publish","hentry"],"acf":[],"yoast_head":"<!-- This site is optimized with the Yoast SEO plugin v26.0 - https:\/\/yoast.com\/wordpress\/plugins\/seo\/ -->\n<title>Carri\u00e8res | Cabinet d&#039;Avocats Burn Tucker Lacha\u00eene Ottawa<\/title>\n<meta name=\"description\" content=\"Int\u00e9ress\u00e9 par une carri\u00e8re chez Burn Tucker Lacha\u00eene? Nous sommes engag\u00e9 envers la diversit\u00e9, l&#039;inclusion, l&#039;\u00e9quit\u00e9, et un processus de candidature \u00e9quitable.\" \/>\n<meta name=\"robots\" content=\"index, follow, max-snippet:-1, max-image-preview:large, max-video-preview:-1\" \/>\n<link rel=\"canonical\" href=\"https:\/\/burntucker.com\/careers\/\" \/>\n<meta property=\"og:locale\" content=\"fr_CA\" \/>\n<meta property=\"og:type\" content=\"article\" \/>\n<meta property=\"og:title\" content=\"Carri\u00e8res | Cabinet d&#039;Avocats Burn Tucker Lacha\u00eene Ottawa\" \/>\n<meta property=\"og:description\" content=\"Int\u00e9ress\u00e9 par une carri\u00e8re chez Burn Tucker Lacha\u00eene? Nous sommes engag\u00e9 envers la diversit\u00e9, l&#039;inclusion, l&#039;\u00e9quit\u00e9, et un processus de candidature \u00e9quitable.\" \/>\n<meta property=\"og:url\" content=\"https:\/\/burntucker.com\/careers\/\" \/>\n<meta property=\"og:site_name\" content=\"Ottawa Personal Injury Lawyers Burn Tucker Lacha\u00eene\" \/>\n<meta property=\"article:modified_time\" content=\"2025-11-17T20:55:36+00:00\" \/>\n<meta name=\"twitter:card\" content=\"summary_large_image\" \/>\n<script type=\"application\/ld+json\" class=\"yoast-schema-graph\">{\"@context\":\"https:\/\/schema.org\",\"@graph\":[{\"@type\":\"WebPage\",\"@id\":\"https:\/\/burntucker.com\/careers\/\",\"url\":\"https:\/\/burntucker.com\/careers\/\",\"name\":\"Carri\u00e8res | Cabinet d'Avocats Burn Tucker Lacha\u00eene Ottawa\",\"isPartOf\":{\"@id\":\"https:\/\/burntucker.com\/#website\"},\"datePublished\":\"2021-06-15T18:25:32+00:00\",\"dateModified\":\"2025-11-17T20:55:36+00:00\",\"description\":\"Int\u00e9ress\u00e9 par une carri\u00e8re chez Burn Tucker Lacha\u00eene? Nous sommes engag\u00e9 envers la diversit\u00e9, l'inclusion, l'\u00e9quit\u00e9, et un processus de candidature \u00e9quitable.\",\"breadcrumb\":{\"@id\":\"https:\/\/burntucker.com\/careers\/#breadcrumb\"},\"inLanguage\":\"fr-CA\",\"potentialAction\":[{\"@type\":\"ReadAction\",\"target\":[\"https:\/\/burntucker.com\/careers\/\"]}]},{\"@type\":\"BreadcrumbList\",\"@id\":\"https:\/\/burntucker.com\/careers\/#breadcrumb\",\"itemListElement\":[{\"@type\":\"ListItem\",\"position\":1,\"name\":\"Home\",\"item\":\"https:\/\/burntucker.com\/fr\/\"},{\"@type\":\"ListItem\",\"position\":2,\"name\":\"Carri\u00e8res\"}]},{\"@type\":\"WebSite\",\"@id\":\"https:\/\/burntucker.com\/#website\",\"url\":\"https:\/\/burntucker.com\/\",\"name\":\"Personal Injury Lawyers Ottawa\",\"description\":\"Burn Tucker Lacha\u00eene is one of eastern Ontario&#039;s largest personal injury firms. We have the experience and skill to represent you after an accident. Offices in Ottawa and Hawkesbury.\",\"potentialAction\":[{\"@type\":\"SearchAction\",\"target\":{\"@type\":\"EntryPoint\",\"urlTemplate\":\"https:\/\/burntucker.com\/?s={search_term_string}\"},\"query-input\":{\"@type\":\"PropertyValueSpecification\",\"valueRequired\":true,\"valueName\":\"search_term_string\"}}],\"inLanguage\":\"fr-CA\"}]}<\/script>\n<!-- \/ Yoast SEO plugin. -->","yoast_head_json":{"title":"Carri\u00e8res | Cabinet d'Avocats Burn Tucker Lacha\u00eene Ottawa","description":"Int\u00e9ress\u00e9 par une carri\u00e8re chez Burn Tucker Lacha\u00eene? Nous sommes engag\u00e9 envers la diversit\u00e9, l'inclusion, l'\u00e9quit\u00e9, et un processus de candidature \u00e9quitable.","robots":{"index":"index","follow":"follow","max-snippet":"max-snippet:-1","max-image-preview":"max-image-preview:large","max-video-preview":"max-video-preview:-1"},"canonical":"https:\/\/burntucker.com\/careers\/","og_locale":"fr_CA","og_type":"article","og_title":"Carri\u00e8res | Cabinet d'Avocats Burn Tucker Lacha\u00eene Ottawa","og_description":"Int\u00e9ress\u00e9 par une carri\u00e8re chez Burn Tucker Lacha\u00eene? Nous sommes engag\u00e9 envers la diversit\u00e9, l'inclusion, l'\u00e9quit\u00e9, et un processus de candidature \u00e9quitable.","og_url":"https:\/\/burntucker.com\/careers\/","og_site_name":"Ottawa Personal Injury Lawyers Burn Tucker Lacha\u00eene","article_modified_time":"2025-11-17T20:55:36+00:00","twitter_card":"summary_large_image","schema":{"@context":"https:\/\/schema.org","@graph":[{"@type":"WebPage","@id":"https:\/\/burntucker.com\/careers\/","url":"https:\/\/burntucker.com\/careers\/","name":"Carri\u00e8res | Cabinet d'Avocats Burn Tucker Lacha\u00eene Ottawa","isPartOf":{"@id":"https:\/\/burntucker.com\/#website"},"datePublished":"2021-06-15T18:25:32+00:00","dateModified":"2025-11-17T20:55:36+00:00","description":"Int\u00e9ress\u00e9 par une carri\u00e8re chez Burn Tucker Lacha\u00eene? Nous sommes engag\u00e9 envers la diversit\u00e9, l'inclusion, l'\u00e9quit\u00e9, et un processus de candidature \u00e9quitable.","breadcrumb":{"@id":"https:\/\/burntucker.com\/careers\/#breadcrumb"},"inLanguage":"fr-CA","potentialAction":[{"@type":"ReadAction","target":["https:\/\/burntucker.com\/careers\/"]}]},{"@type":"BreadcrumbList","@id":"https:\/\/burntucker.com\/careers\/#breadcrumb","itemListElement":[{"@type":"ListItem","position":1,"name":"Home","item":"https:\/\/burntucker.com\/fr\/"},{"@type":"ListItem","position":2,"name":"Carri\u00e8res"}]},{"@type":"WebSite","@id":"https:\/\/burntucker.com\/#website","url":"https:\/\/burntucker.com\/","name":"Personal Injury Lawyers Ottawa","description":"Burn Tucker Lacha\u00eene is one of eastern Ontario&#039;s largest personal injury firms. We have the experience and skill to represent you after an accident. Offices in Ottawa and Hawkesbury.","potentialAction":[{"@type":"SearchAction","target":{"@type":"EntryPoint","urlTemplate":"https:\/\/burntucker.com\/?s={search_term_string}"},"query-input":{"@type":"PropertyValueSpecification","valueRequired":true,"valueName":"search_term_string"}}],"inLanguage":"fr-CA"}]}},"_links":{"self":[{"href":"https:\/\/burntucker.com\/fr\/wp-json\/wp\/v2\/pages\/2373","targetHints":{"allow":["GET"]}}],"collection":[{"href":"https:\/\/burntucker.com\/fr\/wp-json\/wp\/v2\/pages"}],"about":[{"href":"https:\/\/burntucker.com\/fr\/wp-json\/wp\/v2\/types\/page"}],"author":[{"embeddable":true,"href":"https:\/\/burntucker.com\/fr\/wp-json\/wp\/v2\/users\/1"}],"replies":[{"embeddable":true,"href":"https:\/\/burntucker.com\/fr\/wp-json\/wp\/v2\/comments?post=2373"}],"version-history":[{"count":0,"href":"https:\/\/burntucker.com\/fr\/wp-json\/wp\/v2\/pages\/2373\/revisions"}],"wp:attachment":[{"href":"https:\/\/burntucker.com\/fr\/wp-json\/wp\/v2\/media?parent=2373"}],"curies":[{"name":"wp","href":"https:\/\/api.w.org\/{rel}","templated":true}]}}