{"id":2334,"date":"2021-06-11T13:58:00","date_gmt":"2021-06-11T17:58:00","guid":{"rendered":"https:\/\/burntucker.com\/accidents-de-voiture\/accidents-de-voiture\/"},"modified":"2021-07-30T11:12:18","modified_gmt":"2021-07-30T15:12:18","slug":"accidents-de-voiture","status":"publish","type":"page","link":"https:\/\/burntucker.com\/fr\/accidents-automobile\/accidents-de-voiture\/","title":{"rendered":"Accidents de voiture"},"content":{"rendered":"","protected":false},"excerpt":{"rendered":"","protected":false},"author":1,"featured_media":0,"parent":2331,"menu_order":0,"comment_status":"closed","ping_status":"closed","template":"","meta":{"_acf_changed":false,"footnotes":""},"class_list":["post-2334","page","type-page","status-publish","hentry"],"acf":[],"yoast_head":"<!-- This site is optimized with the Yoast SEO plugin v26.0 - https:\/\/yoast.com\/wordpress\/plugins\/seo\/ -->\n<title>Accidents de voiture | Avocats Burn Tucker Lacha\u00eene Ottawa<\/title>\n<meta name=\"description\" content=\"Nos avocats sp\u00e9cialis\u00e9s dans les accidents de la route ont trait\u00e9 des centaines de cas repr\u00e9sentant des personnes bless\u00e9es dans des accidents de voiture sur les routes d&#039;Ottawa et de l&#039;Est de l&#039;Ontario.\" \/>\n<meta name=\"robots\" content=\"index, follow, max-snippet:-1, max-image-preview:large, max-video-preview:-1\" \/>\n<link rel=\"canonical\" href=\"https:\/\/burntucker.com\/fr\/accidents-automobile\/accidents-de-voiture\/\" \/>\n<meta property=\"og:locale\" content=\"fr_CA\" \/>\n<meta property=\"og:type\" content=\"article\" \/>\n<meta property=\"og:title\" content=\"Accidents de voiture | Avocats Burn Tucker Lacha\u00eene Ottawa\" \/>\n<meta property=\"og:description\" content=\"Nos avocats sp\u00e9cialis\u00e9s dans les accidents de la route ont trait\u00e9 des centaines de cas repr\u00e9sentant des personnes bless\u00e9es dans des accidents de voiture sur les routes d&#039;Ottawa et de l&#039;Est de l&#039;Ontario.\" \/>\n<meta property=\"og:url\" content=\"https:\/\/burntucker.com\/fr\/accidents-automobile\/accidents-de-voiture\/\" \/>\n<meta property=\"og:site_name\" content=\"Ottawa Personal Injury Lawyers Burn Tucker Lacha\u00eene\" \/>\n<meta property=\"article:modified_time\" content=\"2021-07-30T15:12:18+00:00\" \/>\n<meta name=\"twitter:card\" content=\"summary_large_image\" \/>\n<script type=\"application\/ld+json\" class=\"yoast-schema-graph\">{\"@context\":\"https:\/\/schema.org\",\"@graph\":[{\"@type\":\"WebPage\",\"@id\":\"https:\/\/burntucker.com\/fr\/accidents-automobile\/accidents-de-voiture\/\",\"url\":\"https:\/\/burntucker.com\/fr\/accidents-automobile\/accidents-de-voiture\/\",\"name\":\"Accidents de voiture | Avocats Burn Tucker Lacha\u00eene Ottawa\",\"isPartOf\":{\"@id\":\"https:\/\/burntucker.com\/#website\"},\"datePublished\":\"2021-06-11T17:58:00+00:00\",\"dateModified\":\"2021-07-30T15:12:18+00:00\",\"description\":\"Nos avocats sp\u00e9cialis\u00e9s dans les accidents de la route ont trait\u00e9 des centaines de cas repr\u00e9sentant des personnes bless\u00e9es dans des accidents de voiture sur les routes d'Ottawa et de l'Est de l'Ontario.\",\"breadcrumb\":{\"@id\":\"https:\/\/burntucker.com\/fr\/accidents-automobile\/accidents-de-voiture\/#breadcrumb\"},\"inLanguage\":\"fr-CA\",\"potentialAction\":[{\"@type\":\"ReadAction\",\"target\":[\"https:\/\/burntucker.com\/fr\/accidents-automobile\/accidents-de-voiture\/\"]}]},{\"@type\":\"BreadcrumbList\",\"@id\":\"https:\/\/burntucker.com\/fr\/accidents-automobile\/accidents-de-voiture\/#breadcrumb\",\"itemListElement\":[{\"@type\":\"ListItem\",\"position\":1,\"name\":\"Home\",\"item\":\"https:\/\/burntucker.com\/fr\/\"},{\"@type\":\"ListItem\",\"position\":2,\"name\":\"Accidents de la route\",\"item\":\"https:\/\/burntucker.com\/car-accidents\/\"},{\"@type\":\"ListItem\",\"position\":3,\"name\":\"Accidents de voiture\"}]},{\"@type\":\"WebSite\",\"@id\":\"https:\/\/burntucker.com\/#website\",\"url\":\"https:\/\/burntucker.com\/\",\"name\":\"Personal Injury Lawyers Ottawa\",\"description\":\"Burn Tucker Lacha\u00eene is one of eastern Ontario&#039;s largest personal injury firms. We have the experience and skill to represent you after an accident. Offices in Ottawa and Hawkesbury.\",\"potentialAction\":[{\"@type\":\"SearchAction\",\"target\":{\"@type\":\"EntryPoint\",\"urlTemplate\":\"https:\/\/burntucker.com\/?s={search_term_string}\"},\"query-input\":{\"@type\":\"PropertyValueSpecification\",\"valueRequired\":true,\"valueName\":\"search_term_string\"}}],\"inLanguage\":\"fr-CA\"}]}<\/script>\n<!-- \/ Yoast SEO plugin. -->","yoast_head_json":{"title":"Accidents de voiture | Avocats Burn Tucker Lacha\u00eene Ottawa","description":"Nos avocats sp\u00e9cialis\u00e9s dans les accidents de la route ont trait\u00e9 des centaines de cas repr\u00e9sentant des personnes bless\u00e9es dans des accidents de voiture sur les routes d'Ottawa et de l'Est de l'Ontario.","robots":{"index":"index","follow":"follow","max-snippet":"max-snippet:-1","max-image-preview":"max-image-preview:large","max-video-preview":"max-video-preview:-1"},"canonical":"https:\/\/burntucker.com\/fr\/accidents-automobile\/accidents-de-voiture\/","og_locale":"fr_CA","og_type":"article","og_title":"Accidents de voiture | Avocats Burn Tucker Lacha\u00eene Ottawa","og_description":"Nos avocats sp\u00e9cialis\u00e9s dans les accidents de la route ont trait\u00e9 des centaines de cas repr\u00e9sentant des personnes bless\u00e9es dans des accidents de voiture sur les routes d'Ottawa et de l'Est de l'Ontario.","og_url":"https:\/\/burntucker.com\/fr\/accidents-automobile\/accidents-de-voiture\/","og_site_name":"Ottawa Personal Injury Lawyers Burn Tucker Lacha\u00eene","article_modified_time":"2021-07-30T15:12:18+00:00","twitter_card":"summary_large_image","schema":{"@context":"https:\/\/schema.org","@graph":[{"@type":"WebPage","@id":"https:\/\/burntucker.com\/fr\/accidents-automobile\/accidents-de-voiture\/","url":"https:\/\/burntucker.com\/fr\/accidents-automobile\/accidents-de-voiture\/","name":"Accidents de voiture | Avocats Burn Tucker Lacha\u00eene Ottawa","isPartOf":{"@id":"https:\/\/burntucker.com\/#website"},"datePublished":"2021-06-11T17:58:00+00:00","dateModified":"2021-07-30T15:12:18+00:00","description":"Nos avocats sp\u00e9cialis\u00e9s dans les accidents de la route ont trait\u00e9 des centaines de cas repr\u00e9sentant des personnes bless\u00e9es dans des accidents de voiture sur les routes d'Ottawa et de l'Est de l'Ontario.","breadcrumb":{"@id":"https:\/\/burntucker.com\/fr\/accidents-automobile\/accidents-de-voiture\/#breadcrumb"},"inLanguage":"fr-CA","potentialAction":[{"@type":"ReadAction","target":["https:\/\/burntucker.com\/fr\/accidents-automobile\/accidents-de-voiture\/"]}]},{"@type":"BreadcrumbList","@id":"https:\/\/burntucker.com\/fr\/accidents-automobile\/accidents-de-voiture\/#breadcrumb","itemListElement":[{"@type":"ListItem","position":1,"name":"Home","item":"https:\/\/burntucker.com\/fr\/"},{"@type":"ListItem","position":2,"name":"Accidents de la route","item":"https:\/\/burntucker.com\/car-accidents\/"},{"@type":"ListItem","position":3,"name":"Accidents de voiture"}]},{"@type":"WebSite","@id":"https:\/\/burntucker.com\/#website","url":"https:\/\/burntucker.com\/","name":"Personal Injury Lawyers Ottawa","description":"Burn Tucker Lacha\u00eene is one of eastern Ontario&#039;s largest personal injury firms. We have the experience and skill to represent you after an accident. Offices in Ottawa and Hawkesbury.","potentialAction":[{"@type":"SearchAction","target":{"@type":"EntryPoint","urlTemplate":"https:\/\/burntucker.com\/?s={search_term_string}"},"query-input":{"@type":"PropertyValueSpecification","valueRequired":true,"valueName":"search_term_string"}}],"inLanguage":"fr-CA"}]}},"_links":{"self":[{"href":"https:\/\/burntucker.com\/fr\/wp-json\/wp\/v2\/pages\/2334","targetHints":{"allow":["GET"]}}],"collection":[{"href":"https:\/\/burntucker.com\/fr\/wp-json\/wp\/v2\/pages"}],"about":[{"href":"https:\/\/burntucker.com\/fr\/wp-json\/wp\/v2\/types\/page"}],"author":[{"embeddable":true,"href":"https:\/\/burntucker.com\/fr\/wp-json\/wp\/v2\/users\/1"}],"replies":[{"embeddable":true,"href":"https:\/\/burntucker.com\/fr\/wp-json\/wp\/v2\/comments?post=2334"}],"version-history":[{"count":0,"href":"https:\/\/burntucker.com\/fr\/wp-json\/wp\/v2\/pages\/2334\/revisions"}],"up":[{"embeddable":true,"href":"https:\/\/burntucker.com\/fr\/wp-json\/wp\/v2\/pages\/2331"}],"wp:attachment":[{"href":"https:\/\/burntucker.com\/fr\/wp-json\/wp\/v2\/media?parent=2334"}],"curies":[{"name":"wp","href":"https:\/\/api.w.org\/{rel}","templated":true}]}}