{"id":2331,"date":"2021-06-11T12:48:19","date_gmt":"2021-06-11T16:48:19","guid":{"rendered":"https:\/\/burntucker.com\/accidents-de-voiture\/"},"modified":"2022-01-21T12:41:45","modified_gmt":"2022-01-21T17:41:45","slug":"accidents-automobile","status":"publish","type":"page","link":"https:\/\/burntucker.com\/fr\/accidents-automobile\/","title":{"rendered":"Accidents de la route"},"content":{"rendered":"","protected":false},"excerpt":{"rendered":"","protected":false},"author":1,"featured_media":0,"parent":0,"menu_order":0,"comment_status":"closed","ping_status":"closed","template":"","meta":{"_acf_changed":false,"footnotes":""},"class_list":["post-2331","page","type-page","status-publish","hentry"],"acf":[],"yoast_head":"<!-- This site is optimized with the Yoast SEO plugin v26.0 - https:\/\/yoast.com\/wordpress\/plugins\/seo\/ -->\n<title>Accidents de la route | Avocats Burn Tucker Lacha\u00eene Ottawa<\/title>\n<meta name=\"description\" content=\"Nous travaillons pour les personnes bless\u00e9es &amp; leurs familles, les aidant \u00e0 comprendre le syst\u00e8me d&#039;assurances &amp; obtenir les meilleurs r\u00e9sultats possibles.\" \/>\n<meta name=\"robots\" content=\"index, follow, max-snippet:-1, max-image-preview:large, max-video-preview:-1\" \/>\n<link rel=\"canonical\" href=\"https:\/\/burntucker.com\/car-accidents\/\" \/>\n<meta property=\"og:locale\" content=\"fr_CA\" \/>\n<meta property=\"og:type\" content=\"article\" \/>\n<meta property=\"og:title\" content=\"Accidents de la route | Avocats Burn Tucker Lacha\u00eene Ottawa\" \/>\n<meta property=\"og:description\" content=\"Nous travaillons pour les personnes bless\u00e9es &amp; leurs familles, les aidant \u00e0 comprendre le syst\u00e8me d&#039;assurances &amp; obtenir les meilleurs r\u00e9sultats possibles.\" \/>\n<meta property=\"og:url\" content=\"https:\/\/burntucker.com\/car-accidents\/\" \/>\n<meta property=\"og:site_name\" content=\"Ottawa Personal Injury Lawyers Burn Tucker Lacha\u00eene\" \/>\n<meta property=\"article:modified_time\" content=\"2022-01-21T17:41:45+00:00\" \/>\n<meta name=\"twitter:card\" content=\"summary_large_image\" \/>\n<script type=\"application\/ld+json\" class=\"yoast-schema-graph\">{\"@context\":\"https:\/\/schema.org\",\"@graph\":[{\"@type\":\"WebPage\",\"@id\":\"https:\/\/burntucker.com\/car-accidents\/\",\"url\":\"https:\/\/burntucker.com\/car-accidents\/\",\"name\":\"Accidents de la route | Avocats Burn Tucker Lacha\u00eene Ottawa\",\"isPartOf\":{\"@id\":\"https:\/\/burntucker.com\/#website\"},\"datePublished\":\"2021-06-11T16:48:19+00:00\",\"dateModified\":\"2022-01-21T17:41:45+00:00\",\"description\":\"Nous travaillons pour les personnes bless\u00e9es & leurs familles, les aidant \u00e0 comprendre le syst\u00e8me d'assurances & obtenir les meilleurs r\u00e9sultats possibles.\",\"breadcrumb\":{\"@id\":\"https:\/\/burntucker.com\/car-accidents\/#breadcrumb\"},\"inLanguage\":\"fr-CA\",\"potentialAction\":[{\"@type\":\"ReadAction\",\"target\":[\"https:\/\/burntucker.com\/car-accidents\/\"]}]},{\"@type\":\"BreadcrumbList\",\"@id\":\"https:\/\/burntucker.com\/car-accidents\/#breadcrumb\",\"itemListElement\":[{\"@type\":\"ListItem\",\"position\":1,\"name\":\"Home\",\"item\":\"https:\/\/burntucker.com\/fr\/\"},{\"@type\":\"ListItem\",\"position\":2,\"name\":\"Accidents de la route\"}]},{\"@type\":\"WebSite\",\"@id\":\"https:\/\/burntucker.com\/#website\",\"url\":\"https:\/\/burntucker.com\/\",\"name\":\"Personal Injury Lawyers Ottawa\",\"description\":\"Burn Tucker Lacha\u00eene is one of eastern Ontario&#039;s largest personal injury firms. We have the experience and skill to represent you after an accident. Offices in Ottawa and Hawkesbury.\",\"potentialAction\":[{\"@type\":\"SearchAction\",\"target\":{\"@type\":\"EntryPoint\",\"urlTemplate\":\"https:\/\/burntucker.com\/?s={search_term_string}\"},\"query-input\":{\"@type\":\"PropertyValueSpecification\",\"valueRequired\":true,\"valueName\":\"search_term_string\"}}],\"inLanguage\":\"fr-CA\"}]}<\/script>\n<!-- \/ Yoast SEO plugin. -->","yoast_head_json":{"title":"Accidents de la route | Avocats Burn Tucker Lacha\u00eene Ottawa","description":"Nous travaillons pour les personnes bless\u00e9es & leurs familles, les aidant \u00e0 comprendre le syst\u00e8me d'assurances & obtenir les meilleurs r\u00e9sultats possibles.","robots":{"index":"index","follow":"follow","max-snippet":"max-snippet:-1","max-image-preview":"max-image-preview:large","max-video-preview":"max-video-preview:-1"},"canonical":"https:\/\/burntucker.com\/car-accidents\/","og_locale":"fr_CA","og_type":"article","og_title":"Accidents de la route | Avocats Burn Tucker Lacha\u00eene Ottawa","og_description":"Nous travaillons pour les personnes bless\u00e9es & leurs familles, les aidant \u00e0 comprendre le syst\u00e8me d'assurances & obtenir les meilleurs r\u00e9sultats possibles.","og_url":"https:\/\/burntucker.com\/car-accidents\/","og_site_name":"Ottawa Personal Injury Lawyers Burn Tucker Lacha\u00eene","article_modified_time":"2022-01-21T17:41:45+00:00","twitter_card":"summary_large_image","schema":{"@context":"https:\/\/schema.org","@graph":[{"@type":"WebPage","@id":"https:\/\/burntucker.com\/car-accidents\/","url":"https:\/\/burntucker.com\/car-accidents\/","name":"Accidents de la route | Avocats Burn Tucker Lacha\u00eene Ottawa","isPartOf":{"@id":"https:\/\/burntucker.com\/#website"},"datePublished":"2021-06-11T16:48:19+00:00","dateModified":"2022-01-21T17:41:45+00:00","description":"Nous travaillons pour les personnes bless\u00e9es & leurs familles, les aidant \u00e0 comprendre le syst\u00e8me d'assurances & obtenir les meilleurs r\u00e9sultats possibles.","breadcrumb":{"@id":"https:\/\/burntucker.com\/car-accidents\/#breadcrumb"},"inLanguage":"fr-CA","potentialAction":[{"@type":"ReadAction","target":["https:\/\/burntucker.com\/car-accidents\/"]}]},{"@type":"BreadcrumbList","@id":"https:\/\/burntucker.com\/car-accidents\/#breadcrumb","itemListElement":[{"@type":"ListItem","position":1,"name":"Home","item":"https:\/\/burntucker.com\/fr\/"},{"@type":"ListItem","position":2,"name":"Accidents de la route"}]},{"@type":"WebSite","@id":"https:\/\/burntucker.com\/#website","url":"https:\/\/burntucker.com\/","name":"Personal Injury Lawyers Ottawa","description":"Burn Tucker Lacha\u00eene is one of eastern Ontario&#039;s largest personal injury firms. We have the experience and skill to represent you after an accident. Offices in Ottawa and Hawkesbury.","potentialAction":[{"@type":"SearchAction","target":{"@type":"EntryPoint","urlTemplate":"https:\/\/burntucker.com\/?s={search_term_string}"},"query-input":{"@type":"PropertyValueSpecification","valueRequired":true,"valueName":"search_term_string"}}],"inLanguage":"fr-CA"}]}},"_links":{"self":[{"href":"https:\/\/burntucker.com\/fr\/wp-json\/wp\/v2\/pages\/2331","targetHints":{"allow":["GET"]}}],"collection":[{"href":"https:\/\/burntucker.com\/fr\/wp-json\/wp\/v2\/pages"}],"about":[{"href":"https:\/\/burntucker.com\/fr\/wp-json\/wp\/v2\/types\/page"}],"author":[{"embeddable":true,"href":"https:\/\/burntucker.com\/fr\/wp-json\/wp\/v2\/users\/1"}],"replies":[{"embeddable":true,"href":"https:\/\/burntucker.com\/fr\/wp-json\/wp\/v2\/comments?post=2331"}],"version-history":[{"count":0,"href":"https:\/\/burntucker.com\/fr\/wp-json\/wp\/v2\/pages\/2331\/revisions"}],"wp:attachment":[{"href":"https:\/\/burntucker.com\/fr\/wp-json\/wp\/v2\/media?parent=2331"}],"curies":[{"name":"wp","href":"https:\/\/api.w.org\/{rel}","templated":true}]}}