{"id":2330,"date":"2021-06-10T16:57:23","date_gmt":"2021-06-10T20:57:23","guid":{"rendered":"https:\/\/burntucker.com\/avocate-dani-grandmaitre\/"},"modified":"2022-01-21T12:32:55","modified_gmt":"2022-01-21T17:32:55","slug":"dani-grandmaitre","status":"publish","type":"page","link":"https:\/\/burntucker.com\/fr\/dani-grandmaitre\/","title":{"rendered":"Avocate &#8211; Dani Grandma\u00eetre"},"content":{"rendered":"","protected":false},"excerpt":{"rendered":"","protected":false},"author":1,"featured_media":0,"parent":0,"menu_order":0,"comment_status":"closed","ping_status":"closed","template":"","meta":{"_acf_changed":false,"footnotes":""},"class_list":["post-2330","page","type-page","status-publish","hentry"],"acf":[],"yoast_head":"<!-- This site is optimized with the Yoast SEO plugin v26.0 - https:\/\/yoast.com\/wordpress\/plugins\/seo\/ -->\n<title>Dani Grandma\u00eetre | Avocats Burn Tucker Lacha\u00eene Ottawa<\/title>\n<meta name=\"description\" content=\"Dani ne n\u00e9glige aucun effort pour ses clients. Elle se d\u00e9marque par son empathie et ne repr\u00e9sente que les personnes l\u00e9s\u00e9es, jamais les assureurs.\" \/>\n<meta name=\"robots\" content=\"index, follow, max-snippet:-1, max-image-preview:large, max-video-preview:-1\" \/>\n<link rel=\"canonical\" href=\"https:\/\/burntucker.com\/associate-page-dani-grandmaitre\/\" \/>\n<meta property=\"og:locale\" content=\"fr_CA\" \/>\n<meta property=\"og:type\" content=\"article\" \/>\n<meta property=\"og:title\" content=\"Dani Grandma\u00eetre | Avocats Burn Tucker Lacha\u00eene Ottawa\" \/>\n<meta property=\"og:description\" content=\"Dani ne n\u00e9glige aucun effort pour ses clients. Elle se d\u00e9marque par son empathie et ne repr\u00e9sente que les personnes l\u00e9s\u00e9es, jamais les assureurs.\" \/>\n<meta property=\"og:url\" content=\"https:\/\/burntucker.com\/associate-page-dani-grandmaitre\/\" \/>\n<meta property=\"og:site_name\" content=\"Ottawa Personal Injury Lawyers Burn Tucker Lacha\u00eene\" \/>\n<meta property=\"article:modified_time\" content=\"2022-01-21T17:32:55+00:00\" \/>\n<meta name=\"twitter:card\" content=\"summary_large_image\" \/>\n<script type=\"application\/ld+json\" class=\"yoast-schema-graph\">{\"@context\":\"https:\/\/schema.org\",\"@graph\":[{\"@type\":\"WebPage\",\"@id\":\"https:\/\/burntucker.com\/associate-page-dani-grandmaitre\/\",\"url\":\"https:\/\/burntucker.com\/associate-page-dani-grandmaitre\/\",\"name\":\"Dani Grandma\u00eetre | Avocats Burn Tucker Lacha\u00eene Ottawa\",\"isPartOf\":{\"@id\":\"https:\/\/burntucker.com\/#website\"},\"datePublished\":\"2021-06-10T20:57:23+00:00\",\"dateModified\":\"2022-01-21T17:32:55+00:00\",\"description\":\"Dani ne n\u00e9glige aucun effort pour ses clients. Elle se d\u00e9marque par son empathie et ne repr\u00e9sente que les personnes l\u00e9s\u00e9es, jamais les assureurs.\",\"breadcrumb\":{\"@id\":\"https:\/\/burntucker.com\/associate-page-dani-grandmaitre\/#breadcrumb\"},\"inLanguage\":\"fr-CA\",\"potentialAction\":[{\"@type\":\"ReadAction\",\"target\":[\"https:\/\/burntucker.com\/associate-page-dani-grandmaitre\/\"]}]},{\"@type\":\"BreadcrumbList\",\"@id\":\"https:\/\/burntucker.com\/associate-page-dani-grandmaitre\/#breadcrumb\",\"itemListElement\":[{\"@type\":\"ListItem\",\"position\":1,\"name\":\"Home\",\"item\":\"https:\/\/burntucker.com\/fr\/\"},{\"@type\":\"ListItem\",\"position\":2,\"name\":\"Avocate &#8211; Dani Grandma\u00eetre\"}]},{\"@type\":\"WebSite\",\"@id\":\"https:\/\/burntucker.com\/#website\",\"url\":\"https:\/\/burntucker.com\/\",\"name\":\"Personal Injury Lawyers Ottawa\",\"description\":\"Burn Tucker Lacha\u00eene is one of eastern Ontario&#039;s largest personal injury firms. We have the experience and skill to represent you after an accident. Offices in Ottawa and Hawkesbury.\",\"potentialAction\":[{\"@type\":\"SearchAction\",\"target\":{\"@type\":\"EntryPoint\",\"urlTemplate\":\"https:\/\/burntucker.com\/?s={search_term_string}\"},\"query-input\":{\"@type\":\"PropertyValueSpecification\",\"valueRequired\":true,\"valueName\":\"search_term_string\"}}],\"inLanguage\":\"fr-CA\"}]}<\/script>\n<!-- \/ Yoast SEO plugin. -->","yoast_head_json":{"title":"Dani Grandma\u00eetre | Avocats Burn Tucker Lacha\u00eene Ottawa","description":"Dani ne n\u00e9glige aucun effort pour ses clients. Elle se d\u00e9marque par son empathie et ne repr\u00e9sente que les personnes l\u00e9s\u00e9es, jamais les assureurs.","robots":{"index":"index","follow":"follow","max-snippet":"max-snippet:-1","max-image-preview":"max-image-preview:large","max-video-preview":"max-video-preview:-1"},"canonical":"https:\/\/burntucker.com\/associate-page-dani-grandmaitre\/","og_locale":"fr_CA","og_type":"article","og_title":"Dani Grandma\u00eetre | Avocats Burn Tucker Lacha\u00eene Ottawa","og_description":"Dani ne n\u00e9glige aucun effort pour ses clients. Elle se d\u00e9marque par son empathie et ne repr\u00e9sente que les personnes l\u00e9s\u00e9es, jamais les assureurs.","og_url":"https:\/\/burntucker.com\/associate-page-dani-grandmaitre\/","og_site_name":"Ottawa Personal Injury Lawyers Burn Tucker Lacha\u00eene","article_modified_time":"2022-01-21T17:32:55+00:00","twitter_card":"summary_large_image","schema":{"@context":"https:\/\/schema.org","@graph":[{"@type":"WebPage","@id":"https:\/\/burntucker.com\/associate-page-dani-grandmaitre\/","url":"https:\/\/burntucker.com\/associate-page-dani-grandmaitre\/","name":"Dani Grandma\u00eetre | Avocats Burn Tucker Lacha\u00eene Ottawa","isPartOf":{"@id":"https:\/\/burntucker.com\/#website"},"datePublished":"2021-06-10T20:57:23+00:00","dateModified":"2022-01-21T17:32:55+00:00","description":"Dani ne n\u00e9glige aucun effort pour ses clients. Elle se d\u00e9marque par son empathie et ne repr\u00e9sente que les personnes l\u00e9s\u00e9es, jamais les assureurs.","breadcrumb":{"@id":"https:\/\/burntucker.com\/associate-page-dani-grandmaitre\/#breadcrumb"},"inLanguage":"fr-CA","potentialAction":[{"@type":"ReadAction","target":["https:\/\/burntucker.com\/associate-page-dani-grandmaitre\/"]}]},{"@type":"BreadcrumbList","@id":"https:\/\/burntucker.com\/associate-page-dani-grandmaitre\/#breadcrumb","itemListElement":[{"@type":"ListItem","position":1,"name":"Home","item":"https:\/\/burntucker.com\/fr\/"},{"@type":"ListItem","position":2,"name":"Avocate &#8211; Dani Grandma\u00eetre"}]},{"@type":"WebSite","@id":"https:\/\/burntucker.com\/#website","url":"https:\/\/burntucker.com\/","name":"Personal Injury Lawyers Ottawa","description":"Burn Tucker Lacha\u00eene is one of eastern Ontario&#039;s largest personal injury firms. We have the experience and skill to represent you after an accident. Offices in Ottawa and Hawkesbury.","potentialAction":[{"@type":"SearchAction","target":{"@type":"EntryPoint","urlTemplate":"https:\/\/burntucker.com\/?s={search_term_string}"},"query-input":{"@type":"PropertyValueSpecification","valueRequired":true,"valueName":"search_term_string"}}],"inLanguage":"fr-CA"}]}},"_links":{"self":[{"href":"https:\/\/burntucker.com\/fr\/wp-json\/wp\/v2\/pages\/2330","targetHints":{"allow":["GET"]}}],"collection":[{"href":"https:\/\/burntucker.com\/fr\/wp-json\/wp\/v2\/pages"}],"about":[{"href":"https:\/\/burntucker.com\/fr\/wp-json\/wp\/v2\/types\/page"}],"author":[{"embeddable":true,"href":"https:\/\/burntucker.com\/fr\/wp-json\/wp\/v2\/users\/1"}],"replies":[{"embeddable":true,"href":"https:\/\/burntucker.com\/fr\/wp-json\/wp\/v2\/comments?post=2330"}],"version-history":[{"count":0,"href":"https:\/\/burntucker.com\/fr\/wp-json\/wp\/v2\/pages\/2330\/revisions"}],"wp:attachment":[{"href":"https:\/\/burntucker.com\/fr\/wp-json\/wp\/v2\/media?parent=2330"}],"curies":[{"name":"wp","href":"https:\/\/api.w.org\/{rel}","templated":true}]}}